{"id":16,"date":"2011-01-17T14:07:11","date_gmt":"2011-01-17T14:07:11","guid":{"rendered":"http:\/\/greym.com.pl\/index.php\/warszawa-bruksela\/"},"modified":"2011-01-17T14:07:11","modified_gmt":"2011-01-17T14:07:11","slug":"warszawa-bruksela","status":"publish","type":"page","link":"https:\/\/greym.com.pl\/index.php\/warszawa-bruksela\/","title":{"rendered":"Warszawa &#8211; Bruksela"},"content":{"rendered":"<p>mo\u017cliwo\u015b\u0107 transportu\/przeprowadzki<\/p>\n<p>z Warszawy do Brukseli<\/p>\n<p>termin: 26.01.2011<\/p>\n<p>ewentualne pytania <a title=\"Zapytaj o cen\u0119 przeprowadzki\" href=\"index.php?option=com_aicontactsafe&amp;view=message&amp;layout=message&amp;pf=3&amp;Itemid=69\">mailowo<\/a> lub telefonicznie<\/p>\n<p>kontakt 603 777 333, 22 244 266 0<\/p>\n","protected":false},"excerpt":{"rendered":"<p>mo\u017cliwo\u015b\u0107 transportu\/przeprowadzki z Warszawy do Brukseli termin: 26.01.2011 ewentualne pytania mailowo lub telefonicznie kontakt 603 777 333, 22 244 266 0<\/p>\n","protected":false},"author":1,"featured_media":0,"parent":0,"menu_order":18,"comment_status":"closed","ping_status":"closed","template":"","meta":{"site-sidebar-layout":"default","site-content-layout":"default","ast-global-header-display":"","ast-banner-title-visibility":"","ast-main-header-display":"","ast-hfb-above-header-display":"","ast-hfb-below-header-display":"","ast-hfb-mobile-header-display":"","site-post-title":"","ast-breadcrumbs-content":"","ast-featured-img":"","footer-sml-layout":"","theme-transparent-header-meta":"","adv-header-id-meta":"","stick-header-meta":"","header-above-stick-meta":"","header-main-stick-meta":"","header-below-stick-meta":""},"_links":{"self":[{"href":"https:\/\/greym.com.pl\/index.php\/wp-json\/wp\/v2\/pages\/16"}],"collection":[{"href":"https:\/\/greym.com.pl\/index.php\/wp-json\/wp\/v2\/pages"}],"about":[{"href":"https:\/\/greym.com.pl\/index.php\/wp-json\/wp\/v2\/types\/page"}],"author":[{"embeddable":true,"href":"https:\/\/greym.com.pl\/index.php\/wp-json\/wp\/v2\/users\/1"}],"replies":[{"embeddable":true,"href":"https:\/\/greym.com.pl\/index.php\/wp-json\/wp\/v2\/comments?post=16"}],"version-history":[{"count":0,"href":"https:\/\/greym.com.pl\/index.php\/wp-json\/wp\/v2\/pages\/16\/revisions"}],"wp:attachment":[{"href":"https:\/\/greym.com.pl\/index.php\/wp-json\/wp\/v2\/media?parent=16"}],"curies":[{"name":"wp","href":"https:\/\/api.w.org\/{rel}","templated":true}]}}