{"id":18,"date":"2011-03-01T20:36:49","date_gmt":"2011-03-01T20:36:49","guid":{"rendered":"http:\/\/greym.com.pl\/index.php\/zamow-usug\/"},"modified":"2011-03-01T20:36:49","modified_gmt":"2011-03-01T20:36:49","slug":"zamow-usug","status":"publish","type":"page","link":"https:\/\/greym.com.pl\/index.php\/zamow-usug\/","title":{"rendered":"Zam\u00f3w us\u0142ug\u0119"},"content":{"rendered":"<div><span style=\"font-size: x-small;\"><span class=\"bodyText\">Za pomoc\u0105 formularza mo\u017cecie Pa\u0144stwo zapyta\u0107 o\u00a0cen\u0119 i\u00a0szczeg\u00f3\u0142y us\u0142ugi, kt\u00f3ra Was interesuje. Mo\u017cecie tak\u017ce zam\u00f3wi\u0107 us\u0142ug\u0119. Postaramy si\u0119 odpowiedzie\u0107 mo\u017cliwie jak najszybciej. <\/span><\/span><span style=\"font-family: Tahoma; font-size: x-small;\"> <\/span><\/div>\n<p align=\"center\"><span style=\"font-family: Tahoma; font-size: x-small;\"><strong>Imi\u0119 i\u00a0nazwisko lub\u00a0nazwa firmy: <\/strong><\/p>\n<p> <strong>Twoje zapytanie: <\/strong><\/p>\n<p> <strong>Tw\u00f3j telefon lub\u00a0e-mail: <\/strong><\/p>\n<p> <\/span><\/p>\n","protected":false},"excerpt":{"rendered":"<p>Za pomoc\u0105 formularza mo\u017cecie Pa\u0144stwo zapyta\u0107 o\u00a0cen\u0119 i\u00a0szczeg\u00f3\u0142y us\u0142ugi, kt\u00f3ra Was interesuje. Mo\u017cecie tak\u017ce zam\u00f3wi\u0107 us\u0142ug\u0119. Postaramy si\u0119 odpowiedzie\u0107 mo\u017cliwie jak najszybciej. Imi\u0119 i\u00a0nazwisko lub\u00a0nazwa firmy: Twoje zapytanie: Tw\u00f3j telefon lub\u00a0e-mail:<\/p>\n","protected":false},"author":1,"featured_media":0,"parent":0,"menu_order":15,"comment_status":"closed","ping_status":"closed","template":"","meta":{"site-sidebar-layout":"default","site-content-layout":"default","ast-global-header-display":"","ast-banner-title-visibility":"","ast-main-header-display":"","ast-hfb-above-header-display":"","ast-hfb-below-header-display":"","ast-hfb-mobile-header-display":"","site-post-title":"","ast-breadcrumbs-content":"","ast-featured-img":"","footer-sml-layout":"","theme-transparent-header-meta":"","adv-header-id-meta":"","stick-header-meta":"","header-above-stick-meta":"","header-main-stick-meta":"","header-below-stick-meta":""},"_links":{"self":[{"href":"https:\/\/greym.com.pl\/index.php\/wp-json\/wp\/v2\/pages\/18"}],"collection":[{"href":"https:\/\/greym.com.pl\/index.php\/wp-json\/wp\/v2\/pages"}],"about":[{"href":"https:\/\/greym.com.pl\/index.php\/wp-json\/wp\/v2\/types\/page"}],"author":[{"embeddable":true,"href":"https:\/\/greym.com.pl\/index.php\/wp-json\/wp\/v2\/users\/1"}],"replies":[{"embeddable":true,"href":"https:\/\/greym.com.pl\/index.php\/wp-json\/wp\/v2\/comments?post=18"}],"version-history":[{"count":0,"href":"https:\/\/greym.com.pl\/index.php\/wp-json\/wp\/v2\/pages\/18\/revisions"}],"wp:attachment":[{"href":"https:\/\/greym.com.pl\/index.php\/wp-json\/wp\/v2\/media?parent=18"}],"curies":[{"name":"wp","href":"https:\/\/api.w.org\/{rel}","templated":true}]}}