{"id":38,"date":"2011-10-01T09:34:52","date_gmt":"2011-10-01T09:34:52","guid":{"rendered":"http:\/\/greym.com.pl\/index.php\/uslugi-dodatkowe\/"},"modified":"2023-05-30T19:27:49","modified_gmt":"2023-05-30T19:27:49","slug":"uslugi-dodatkowe","status":"publish","type":"page","link":"https:\/\/greym.com.pl\/index.php\/uslugi-dodatkowe\/","title":{"rendered":"Us\u0142ugi dodatkowe"},"content":{"rendered":"<p style=\"text-align: justify;\">Dzi\u0119kujemy za z\u0142o\u017cenie zam\u00f3wienia!<\/p>\n<p style=\"text-align: justify;\">Zam\u00f3wi\u0142e\u015b auto do transportu, mo\u017ce potrzebujesz jeszcze jakiej\u015b dodatkowej us\u0142ugi?<\/p>\n<p style=\"text-align: justify;\">\n<p style=\"text-align: justify;\">Oferujemy r\u00f3wnie\u017c:<\/p>\n<ul>\n<li style=\"text-align: justify;\"><span style=\"color: #993300;\"><span style=\"color: #993300;\">przechowywanie rzeczy<\/span><\/span> &#8211; je\u015bli nie masz co zrobi\u0107 meblami lub innymi rzeczami, kt\u00f3re w tej chwili nie s\u0105 Ci potrzebne, to zapraszamy do naszego magazynu<\/li>\n<li style=\"text-align: justify;\"><span style=\"color: #993300;\">materia\u0142y do pakowania<\/span> &#8211; oferujemy kartony r\u00f3\u017cnej wielko\u015bci i materia\u0142y do zabezpieczania mebli oraz innych przedmiot\u00f3w, kartony mo\u017cesz wypo\u017cyczy\u0107<\/li>\n<li style=\"text-align: justify;\"><span style=\"color: #993300;\"><span style=\"color: #993300;\">demonta\u017c oraz monta\u017c mebli<\/span><\/span> &#8211; oferujemy pomoc w demonta\u017cu oraz monta\u017cu mebli<\/li>\n<\/ul>\n<p style=\"text-align: justify;\">\n<p style=\"text-align: right;\">Zapraszamy!<\/p>\n","protected":false},"excerpt":{"rendered":"<p>Dzi\u0119kujemy za z\u0142o\u017cenie zam\u00f3wienia! Zam\u00f3wi\u0142e\u015b auto do transportu, mo\u017ce potrzebujesz jeszcze jakiej\u015b dodatkowej us\u0142ugi? Oferujemy r\u00f3wnie\u017c: przechowywanie rzeczy &#8211; je\u015bli nie masz co zrobi\u0107 meblami lub innymi rzeczami, kt\u00f3re w tej chwili nie s\u0105 Ci potrzebne, to zapraszamy do naszego magazynu materia\u0142y do pakowania &#8211; oferujemy kartony r\u00f3\u017cnej wielko\u015bci i materia\u0142y do zabezpieczania mebli oraz &hellip;<\/p>\n<p class=\"read-more\"> <a class=\"\" href=\"https:\/\/greym.com.pl\/index.php\/uslugi-dodatkowe\/\"> <span class=\"screen-reader-text\">Us\u0142ugi dodatkowe<\/span> Read More &raquo;<\/a><\/p>\n","protected":false},"author":1,"featured_media":0,"parent":0,"menu_order":5,"comment_status":"closed","ping_status":"closed","template":"","meta":{"site-sidebar-layout":"default","site-content-layout":"default","ast-global-header-display":"","ast-banner-title-visibility":"","ast-main-header-display":"","ast-hfb-above-header-display":"","ast-hfb-below-header-display":"","ast-hfb-mobile-header-display":"","site-post-title":"","ast-breadcrumbs-content":"","ast-featured-img":"","footer-sml-layout":"","theme-transparent-header-meta":"","adv-header-id-meta":"","stick-header-meta":"","header-above-stick-meta":"","header-main-stick-meta":"","header-below-stick-meta":""},"_links":{"self":[{"href":"https:\/\/greym.com.pl\/index.php\/wp-json\/wp\/v2\/pages\/38"}],"collection":[{"href":"https:\/\/greym.com.pl\/index.php\/wp-json\/wp\/v2\/pages"}],"about":[{"href":"https:\/\/greym.com.pl\/index.php\/wp-json\/wp\/v2\/types\/page"}],"author":[{"embeddable":true,"href":"https:\/\/greym.com.pl\/index.php\/wp-json\/wp\/v2\/users\/1"}],"replies":[{"embeddable":true,"href":"https:\/\/greym.com.pl\/index.php\/wp-json\/wp\/v2\/comments?post=38"}],"version-history":[{"count":1,"href":"https:\/\/greym.com.pl\/index.php\/wp-json\/wp\/v2\/pages\/38\/revisions"}],"predecessor-version":[{"id":76,"href":"https:\/\/greym.com.pl\/index.php\/wp-json\/wp\/v2\/pages\/38\/revisions\/76"}],"wp:attachment":[{"href":"https:\/\/greym.com.pl\/index.php\/wp-json\/wp\/v2\/media?parent=38"}],"curies":[{"name":"wp","href":"https:\/\/api.w.org\/{rel}","templated":true}]}}