{"id":9,"date":"2011-01-10T12:16:13","date_gmt":"2011-01-10T12:16:13","guid":{"rendered":"http:\/\/greym.com.pl\/index.php\/magazynowanie-przechowalnia-mebli\/"},"modified":"2023-05-30T19:32:18","modified_gmt":"2023-05-30T19:32:18","slug":"magazynowanie-przechowalnia-mebli","status":"publish","type":"page","link":"https:\/\/greym.com.pl\/index.php\/magazynowanie-przechowalnia-mebli\/","title":{"rendered":"Magazynowanie. Przechowalnia mebli."},"content":{"rendered":"<h1 align=\"justify\"><span class=\"listing-desc\"><span style=\"font-family: verdana,geneva; font-size: 12pt; color: #333300;\">Przechowalnia mebli<\/span><br \/>\n<\/span><\/h1>\n<p style=\"text-align: center;\"><img decoding=\"async\" loading=\"lazy\" class=\" size-full wp-image-8\" src=\"http:\/\/greym.com.pl\/wp-content\/uploads\/2011\/01\/skrzynia1.jpg\" width=\"134\" height=\"160\" border=\"0\" \/><\/p>\n<p align=\"justify\"><strong>Magazynowanie<\/strong> &#8211; <strong>przechowywanie mebli<\/strong> jest jedn\u0105 z us\u0142ug, kt\u00f3re oferujemy. Magazyny, w kt\u00f3rych przechowujemy Pa\u0144stwa mienie s\u0105 monitorowane 24 godziny na dob\u0119. Oferujemy us\u0142ug\u0119 magazynowania na dowolny okres czasu &#8211; ju\u017c od tygodnia.<\/p>\n<p align=\"justify\"><strong><em>Przechowalnia rzeczy<\/em><\/strong> to najlepszy spos\u00f3b na zaoszcz\u0119dzenie miejsca w mieszkaniu.<\/p>\n<p align=\"center\">\n<p class=\"style17\" align=\"center\"><strong><span style=\"color: #339966;\">\u00a0<\/span><\/strong><\/p>\n<p><!--more--><\/p>\n<p class=\"style17\" style=\"text-align: right;\"><span class=\"listing-desc\">\u00a0<\/span><\/p>\n<p>Co mo\u017cna odda\u0107 do nas na przechowanie? W naszej przechowalni rzeczy mo\u017cna przechowa\u0107 praktycznie wszystko, z czego Pa\u0144stwo nie zamierzaj\u0105 korzysta\u0107 przez jaki\u015b czas, a co zajmuje tak potrzebne w mieszkaniu lub gara\u017cu miejsce. Mog\u0105 to by\u0107 na przyk\u0142ad meble ogrodowe, z kt\u00f3rymi nie ma co zrobi\u0107, gdy nastaj\u0105 jesienne ch\u0142ody. Zamiast sta\u0107 i niszcze\u0107 na zewn\u0105trz pod \u015bniegiem, moga spokojnie przezimowa\u0107 u nas. Rowery i letni sprz\u0119t rekreacyjny r\u00f3wnie\u017c mo\u017cemy dla Pa\u0144stwa przechowa\u0107. Latem, kiedy sko\u0144cz\u0105 si\u0119 wyjazdy narciarskie niepotrzebny jest sprz\u0119t narciarski, kt\u00f3ry zajmuje troch\u0119 miejsca i jest niewygodny do przechowywania w mieszkaniu. Odzie\u017c letnia niepotrzebna jest podczas zimy, a zimowa latem, j\u0105 r\u00f3wnie\u017c mo\u017cemy dla Pa\u0144stwa przechowa\u0107.<\/p>\n<p><strong>\u00a0<\/strong><\/p>\n<p><strong>Kiedy przechowalnia mebli mo\u017ce si\u0119 przyda\u0107?<\/strong><\/p>\n<ul>\n<li style=\"text-align: left;\">zmieniasz mieszkanie, a nowe nie jest jeszcze gotowe &#8211; oddaj meble do przechowalni<\/li>\n<li style=\"text-align: left;\">potrzebujesz wi\u0119cej przestrzeni w domu &#8211; oddaj do przechowania rzeczy, kt\u00f3rych w tej chwili nie potrzebujesz<\/li>\n<li style=\"text-align: left;\">wyje\u017cd\u017casz do pracy za granic\u0119 &#8211; oddaj meble do przechowalni, aby zwolni\u0107 mieszkanie<\/li>\n<li style=\"text-align: left;\">latem &#8211; oddaj do magazynu narty, sanki i inny sprz\u0119t zimowy<\/li>\n<li style=\"text-align: left;\">zim\u0105 przechowamy Tw\u00f3j letni sprz\u0119t sportowy, przede wszystkim rowery<\/li>\n<li style=\"text-align: left;\">robisz remont domu lub mieszkania &#8211; bezpiecznie przechowamy Twoje meble<\/li>\n<\/ul>\n<p align=\"justify\">\n<p align=\"justify\">Przy przeprowadzce, b\u0105d\u017a sprzeda\u017cy\/zamianie mieszka\u0144 nie macie Pa\u0144stwo gdzie przetrzyma\u0107 mebli, karton\u00f3w i innych sprz\u0119t\u00f3w? Spokojnie. Przyjedziemy, zabezpieczymy je odpowiednio i przechowamy w naszym magazynie tak d\u0142ugo jak b\u0119dzie trzeba, a p\u00f3\u017aniej dostarczymy je do nowego lokalu. <strong>Cena<\/strong> transportu w przypadku magazynowania przez d\u0142u\u017cszy czas jest naprawd\u0119 atrakcyjna.<\/p>\n<p align=\"justify\">\n<p align=\"justify\">Dostarczamy r\u00f3wnie\u017c wszelkie materia\u0142y do pakowania i zabezpieczania mebli. Dowozimy je na miejsce, a nasz konsultant zawsze s\u0142u\u017cy Pa\u0144stwu pomoc\u0105 i rad\u0105. Prosz\u0119 skorzysta\u0107 z <a href=\"http:\/\/www.greym.com.pl\/szybki-kontakt.html\">Szybkiego Kontaktu<\/a> &#8211; <strong>TO MY ZADZWONIMY DO PA\u0143STWA. <\/strong><\/p>\n","protected":false},"excerpt":{"rendered":"<p>Przechowalnia mebli Magazynowanie &#8211; przechowywanie mebli jest jedn\u0105 z us\u0142ug, kt\u00f3re oferujemy. Magazyny, w kt\u00f3rych przechowujemy Pa\u0144stwa mienie s\u0105 monitorowane 24 godziny na dob\u0119. Oferujemy us\u0142ug\u0119 magazynowania na dowolny okres czasu &#8211; ju\u017c od tygodnia. Przechowalnia rzeczy to najlepszy spos\u00f3b na zaoszcz\u0119dzenie miejsca w mieszkaniu. \u00a0<\/p>\n","protected":false},"author":1,"featured_media":8,"parent":0,"menu_order":21,"comment_status":"closed","ping_status":"closed","template":"","meta":{"site-sidebar-layout":"default","site-content-layout":"default","ast-global-header-display":"","ast-banner-title-visibility":"","ast-main-header-display":"","ast-hfb-above-header-display":"","ast-hfb-below-header-display":"","ast-hfb-mobile-header-display":"","site-post-title":"","ast-breadcrumbs-content":"","ast-featured-img":"","footer-sml-layout":"","theme-transparent-header-meta":"","adv-header-id-meta":"","stick-header-meta":"","header-above-stick-meta":"","header-main-stick-meta":"","header-below-stick-meta":""},"_links":{"self":[{"href":"https:\/\/greym.com.pl\/index.php\/wp-json\/wp\/v2\/pages\/9"}],"collection":[{"href":"https:\/\/greym.com.pl\/index.php\/wp-json\/wp\/v2\/pages"}],"about":[{"href":"https:\/\/greym.com.pl\/index.php\/wp-json\/wp\/v2\/types\/page"}],"author":[{"embeddable":true,"href":"https:\/\/greym.com.pl\/index.php\/wp-json\/wp\/v2\/users\/1"}],"replies":[{"embeddable":true,"href":"https:\/\/greym.com.pl\/index.php\/wp-json\/wp\/v2\/comments?post=9"}],"version-history":[{"count":1,"href":"https:\/\/greym.com.pl\/index.php\/wp-json\/wp\/v2\/pages\/9\/revisions"}],"predecessor-version":[{"id":104,"href":"https:\/\/greym.com.pl\/index.php\/wp-json\/wp\/v2\/pages\/9\/revisions\/104"}],"wp:featuredmedia":[{"embeddable":true,"href":"https:\/\/greym.com.pl\/index.php\/wp-json\/wp\/v2\/media\/8"}],"wp:attachment":[{"href":"https:\/\/greym.com.pl\/index.php\/wp-json\/wp\/v2\/media?parent=9"}],"curies":[{"name":"wp","href":"https:\/\/api.w.org\/{rel}","templated":true}]}}